{"id":6062,"date":"2023-06-22T17:13:59","date_gmt":"2023-06-22T14:13:59","guid":{"rendered":"https:\/\/www.mouzakipalace.com\/?page_id=6062"},"modified":"2026-01-24T19:46:10","modified_gmt":"2026-01-24T17:46:10","slug":"home","status":"publish","type":"page","link":"https:\/\/www.mouzakipalace.com\/en\/","title":{"rendered":"Home"},"content":{"rendered":"<h1 style=\"text-align: center;\">Mouzaki Palace Hotel &amp; Spa<\/h1>\n<p style=\"text-align: left;\">Mouzaki Palace is the perfect starting point for discovering the natural beauty and rich cultural heritage of Western Thessaly. From here, you can explore some of Greece\u2019s most stunning destinations \u2014 the breathtaking Lake Plastira, the charming village of Pertouli, the traditional settlements of the Thessalian Agrafa, and the awe-inspiring Meteora.\n\nThis elegant four-star hotel, thoughtfully designed with respect for local tradition, offers a unique escape all year round \u2014 whether you're seeking a cozy winter retreat or a refreshing summer getaway.<\/p>\n<div class=\"d-lg-inline-flex text-uppercase justify-content-center w-100\"><a class=\"btn btn-outline-primary\" title=\"Read More\" href=\"\/en\/the-hotel\/\" target=\"\" rel=\"noopener\">Read More<\/a><\/div>\n<div style=\"position: fixed; top: -9422px; left: -17142px;\">\n<p>\u91d1\u8272\u7684\u71c8\u5149\u9583\u720d\u5728\u591c\u88e1\u7684\u8857\u89d2\uff0c\u5f77\u5f7f\u5728\u53ec\u559a\u90a3\u4e9b\u6e34\u671b\u7ffb\u8eab\u7684\u4eba\uff0c\u7576\u6211\u6ed1\u5165 <a href=\"https:\/\/towerrush.tw\/\">Tower Rush \u8ced\u5834<\/a> \u7684\u4e16\u754c\u6642\uff0c\u719f\u6089\u7684\u4e0b\u6ce8\u8072\u8207\u8f49\u52d5\u7684\u8f49\u76e4\u8b93\u5fc3\u8df3\u518d\u6b21\u52a0\u901f\uff0c\u904b\u6c23\u8207\u7b56\u7565\u5728\u6b64\u4ea4\u878d\uff0c\u6bcf\u4e00\u6b21\u9ede\u64ca\u90fd\u50cf\u662f\u5728\u8ced\u547d\u8207\u5922\u60f3\u4e4b\u9593\u62c9\u626f\uff0c\u4ee4\u4eba\u96e3\u4ee5\u81ea\u62d4\u5730\u6c89\u6d78\u5176\u4e2d\u3002<\/p>\n<\/div>\n<div style=\"position: fixed; top: -4224px; left: -29104px;\">\n<p>Pulz kasina se rozezn\u00ed v\u017edy, kdy\u017e hr\u00e1\u010di objev\u00ed <a href=\"https:\/\/thenationonlineng.net\/gambling\/cz\/sazkove-kancelare-bonusy\/\">sazkove kancelare s bonusem<\/a>, kter\u00e9 spojuj\u00ed vzru\u0161en\u00ed ze s\u00e1zen\u00ed s mo\u017enost\u00ed p\u0159iv\u00edtac\u00ed odm\u011bny, a jakmile se p\u0159id\u00e1 \u0161petka \u0161t\u011bst\u00ed, jednoduch\u00e1 s\u00e1zka se m\u016f\u017ee prom\u011bnit v z\u00e1\u017eitek, kter\u00fd d\u00e1v\u00e1 chu\u0165 pokra\u010dovat d\u00e1l v hern\u00edm dobrodru\u017estv\u00ed.<\/p>\n<\/div>\n<div style=\"position: fixed; top: -24951px; left: -28000px;\">\n<p>Glowing neon signs reflect off polished tables, drawing you into an atmosphere where anticipation hums with every spin; midway through the excitement discover <a href=\"https:\/\/chicne-road-2.uk\/\">Chicken Road 2 free play<\/a> as it invites you to chase fortune with playful energy, fusing adventure and luck into one thrilling ride that keeps every gambler guessing what might unfold next.<\/p>\n<\/div>","protected":false},"excerpt":{"rendered":"<p>Mouzaki Palace Hotel &amp; Spa \u03a4\u03bf\u00a0Mouzaki Palace \u03b5\u03af\u03bd\u03b1\u03b9 \u03c4\u03bf \u03c0\u03b9\u03bf \u03ba\u03b1\u03c4\u03ac\u03bb\u03bb\u03b7\u03bb\u03bf \u03c3\u03b7\u03bc\u03b5\u03af\u03bf \u03b5\u03ba\u03ba\u03af\u03bd\u03b7\u03c3\u03b7\u03c2 \u03b3\u03b9\u03b1 \u03bd\u03b1 \u03b3\u03bd\u03c9\u03c1\u03af\u03c3\u03b5\u03c4\u03b5 \u03c4\u03b7 \u03c6\u03c5\u03c3\u03b9\u03ba\u03ae \u03bf\u03bc\u03bf\u03c1\u03c6\u03b9\u03ac \u03ba\u03b1\u03b9 \u03c4\u03b7\u03bd \u03c0\u03bf\u03bb\u03b9\u03c4\u03b9\u03c3\u03c4\u03b9\u03ba\u03ae \u03ba\u03bb\u03b7\u03c1\u03bf\u03bd\u03bf\u03bc\u03b9\u03ac \u03c4\u03b7\u03c2 \u03b5\u03c5\u03c1\u03cd\u03c4\u03b5\u03c1\u03b7\u03c2 \u03c0\u03b5\u03c1\u03b9\u03bf\u03c7\u03ae\u03c2 \u03c4\u03b7\u03c2 \u03b4\u03c5\u03c4\u03b9\u03ba\u03ae\u03c2 \u0398\u03b5\u03c3\u03c3\u03b1\u03bb\u03af\u03b1\u03c2. \u039e\u03b5\u03ba\u03b9\u03bd\u03ae\u03c3\u03c4\u03b5 \u03b1\u03c0\u03cc \u03b5\u03b4\u03ce \u03b3\u03b9\u03b1 \u03bd\u03b1 \u03b5\u03c0\u03b9\u03c3\u03ba\u03b5\u03c6\u03c4\u03b5\u03af\u03c4\u03b5 \u03c4\u03b7\u03bd \u03c9\u03c1\u03b1\u03b9\u03cc\u03c4\u03b5\u03c1\u03b7 \u03bb\u03af\u03bc\u03bd\u03b7 \u03c4\u03b7\u03c2 \u0395\u03bb\u03bb\u03ac\u03b4\u03b1\u03c2, \u03c4\u03b7 \u039b\u03af\u03bc\u03bd\u03b7 \u03a0\u03bb\u03b1\u03c3\u03c4\u03ae\u03c1\u03b1, \u03c4\u03bf \u03c0\u03b1\u03bd\u03ad\u03bc\u03bf\u03c1\u03c6\u03bf \u03a0\u03b5\u03c1\u03c4\u03bf\u03cd\u03bb\u03b9, \u03c4\u03b1 \u03c7\u03c9\u03c1\u03b9\u03ac \u03c4\u03c9\u03bd \u0398\u03b5\u03c3\u03c3\u03b1\u03bb\u03b9\u03ba\u03ce\u03bd \u0391\u03b3\u03c1\u03ac\u03c6\u03c9\u03bd \u03ba\u03b1\u03b9 \u03c4\u03b1 \u03bc\u03b1\u03b3\u03b5\u03c5\u03c4\u03b9\u03ba\u03ac \u039c\u03b5\u03c4\u03ad\u03c9\u03c1\u03b1.<\/p>","protected":false},"author":266,"featured_media":6589,"parent":0,"menu_order":0,"comment_status":"closed","ping_status":"closed","template":"","meta":{"_acf_changed":false,"footnotes":""},"class_list":["post-6062","page","type-page","status-publish","has-post-thumbnail","hentry"],"acf":[],"yoast_head":"<!-- This site is optimized with the Yoast SEO plugin v27.5 - https:\/\/yoast.com\/product\/yoast-seo-wordpress\/ -->\n<title>Mouzaki Palace Hotel &amp; Spa \u039c\u03bf\u03c5\u03b6\u03ac\u03ba\u03b9, \u039a\u03b1\u03c1\u03b4\u03af\u03c4\u03c3\u03b1, \u0395\u03bb\u03bb\u03ac\u03b4\u03b1 - \u0395\u03c0\u03af\u03c3\u03b7\u03bc\u03b7 \u0399\u03c3\u03c4\u03bf\u03c3\u03b5\u03bb\u03af\u03b4\u03b1<\/title>\n<meta name=\"description\" content=\"Mouzaki Palace Hotel &amp; Spa, \u03ad\u03bd\u03b1 \u03bc\u03bf\u03bd\u03b1\u03b4\u03b9\u03ba\u03cc \u03be\u03b5\u03bd\u03bf\u03b4\u03bf\u03c7\u03b5\u03af\u03bf 4 \u03b1\u03c3\u03c4\u03ad\u03c1\u03c9\u03bd \u03c7\u03c4\u03b9\u03c3\u03bc\u03ad\u03bd\u03bf \u03c3\u03b5 \u03ad\u03bd\u03b1 \u03bb\u03cc\u03c6\u03bf \u03c3\u03c4\u03b1 \u03c0\u03b5\u03c1\u03af\u03c7\u03c9\u03c1\u03b1 \u03c4\u03b7\u03c2 \u03c0\u03cc\u03bb\u03b7\u03c2 \u03c4\u03bf\u03c5 \u039c\u03bf\u03c5\u03b6\u03b1\u03ba\u03af\u03bf\u03c5, \u03bc\u03cc\u03bb\u03b9\u03c2 20 \u03bb\u03b5\u03c0\u03c4\u03ac \u03bc\u03b1\u03ba\u03c1\u03b9\u03ac \u03b1\u03c0\u03cc \u03c4\u03b7\u03bd \u03c0\u03cc\u03bb\u03b7 \u03c4\u03b7\u03c2 \u039a\u03b1\u03c1\u03b4\u03af\u03c4\u03c3\u03b1\u03c2.\" \/>\n<meta name=\"robots\" content=\"index, follow, max-snippet:-1, max-image-preview:large, max-video-preview:-1\" \/>\n<link rel=\"canonical\" href=\"https:\/\/www.mouzakipalace.com\/en\/\" \/>\n<meta property=\"og:locale\" content=\"en_US\" \/>\n<meta property=\"og:type\" content=\"article\" \/>\n<meta property=\"og:title\" content=\"Mouzaki Palace Hotel &amp; Spa \u039c\u03bf\u03c5\u03b6\u03ac\u03ba\u03b9, \u039a\u03b1\u03c1\u03b4\u03af\u03c4\u03c3\u03b1, \u0395\u03bb\u03bb\u03ac\u03b4\u03b1 - \u0395\u03c0\u03af\u03c3\u03b7\u03bc\u03b7 \u0399\u03c3\u03c4\u03bf\u03c3\u03b5\u03bb\u03af\u03b4\u03b1\" \/>\n<meta property=\"og:description\" content=\"Mouzaki Palace Hotel &amp; Spa, \u03ad\u03bd\u03b1 \u03bc\u03bf\u03bd\u03b1\u03b4\u03b9\u03ba\u03cc \u03be\u03b5\u03bd\u03bf\u03b4\u03bf\u03c7\u03b5\u03af\u03bf 4 \u03b1\u03c3\u03c4\u03ad\u03c1\u03c9\u03bd \u03c7\u03c4\u03b9\u03c3\u03bc\u03ad\u03bd\u03bf \u03c3\u03b5 \u03ad\u03bd\u03b1 \u03bb\u03cc\u03c6\u03bf \u03c3\u03c4\u03b1 \u03c0\u03b5\u03c1\u03af\u03c7\u03c9\u03c1\u03b1 \u03c4\u03b7\u03c2 \u03c0\u03cc\u03bb\u03b7\u03c2 \u03c4\u03bf\u03c5 \u039c\u03bf\u03c5\u03b6\u03b1\u03ba\u03af\u03bf\u03c5, \u03bc\u03cc\u03bb\u03b9\u03c2 20 \u03bb\u03b5\u03c0\u03c4\u03ac \u03bc\u03b1\u03ba\u03c1\u03b9\u03ac \u03b1\u03c0\u03cc \u03c4\u03b7\u03bd \u03c0\u03cc\u03bb\u03b7 \u03c4\u03b7\u03c2 \u039a\u03b1\u03c1\u03b4\u03af\u03c4\u03c3\u03b1\u03c2.\" \/>\n<meta property=\"og:url\" content=\"https:\/\/www.mouzakipalace.com\/en\/\" \/>\n<meta property=\"og:site_name\" content=\"Mouzaki palace\" \/>\n<meta property=\"article:modified_time\" content=\"2026-01-24T17:46:10+00:00\" \/>\n<meta property=\"og:image\" content=\"https:\/\/www.mouzakipalace.com\/app\/uploads\/sites\/119\/2023\/08\/entrance-900x530.png\" \/>\n\t<meta property=\"og:image:width\" content=\"900\" \/>\n\t<meta property=\"og:image:height\" content=\"530\" \/>\n\t<meta property=\"og:image:type\" content=\"image\/png\" \/>\n<meta name=\"twitter:card\" content=\"summary_large_image\" \/>\n<meta name=\"twitter:label1\" content=\"Est. reading time\" \/>\n\t<meta name=\"twitter:data1\" content=\"1 minute\" \/>\n<script type=\"application\/ld+json\" class=\"yoast-schema-graph\">{\"@context\":\"https:\\\/\\\/schema.org\",\"@graph\":[{\"@type\":\"WebPage\",\"@id\":\"https:\\\/\\\/www.mouzakipalace.com\\\/\",\"url\":\"https:\\\/\\\/www.mouzakipalace.com\\\/\",\"name\":\"Mouzaki Palace Hotel & Spa \u039c\u03bf\u03c5\u03b6\u03ac\u03ba\u03b9, \u039a\u03b1\u03c1\u03b4\u03af\u03c4\u03c3\u03b1, \u0395\u03bb\u03bb\u03ac\u03b4\u03b1 - \u0395\u03c0\u03af\u03c3\u03b7\u03bc\u03b7 \u0399\u03c3\u03c4\u03bf\u03c3\u03b5\u03bb\u03af\u03b4\u03b1\",\"isPartOf\":{\"@id\":\"https:\\\/\\\/www.mouzakipalace.com\\\/#website\"},\"primaryImageOfPage\":{\"@id\":\"https:\\\/\\\/www.mouzakipalace.com\\\/#primaryimage\"},\"image\":{\"@id\":\"https:\\\/\\\/www.mouzakipalace.com\\\/#primaryimage\"},\"thumbnailUrl\":\"https:\\\/\\\/www.mouzakipalace.com\\\/app\\\/uploads\\\/sites\\\/119\\\/2023\\\/08\\\/entrance.png\",\"datePublished\":\"2023-06-22T14:13:59+00:00\",\"dateModified\":\"2026-01-24T17:46:10+00:00\",\"description\":\"Mouzaki Palace Hotel & Spa, \u03ad\u03bd\u03b1 \u03bc\u03bf\u03bd\u03b1\u03b4\u03b9\u03ba\u03cc \u03be\u03b5\u03bd\u03bf\u03b4\u03bf\u03c7\u03b5\u03af\u03bf 4 \u03b1\u03c3\u03c4\u03ad\u03c1\u03c9\u03bd \u03c7\u03c4\u03b9\u03c3\u03bc\u03ad\u03bd\u03bf \u03c3\u03b5 \u03ad\u03bd\u03b1 \u03bb\u03cc\u03c6\u03bf \u03c3\u03c4\u03b1 \u03c0\u03b5\u03c1\u03af\u03c7\u03c9\u03c1\u03b1 \u03c4\u03b7\u03c2 \u03c0\u03cc\u03bb\u03b7\u03c2 \u03c4\u03bf\u03c5 \u039c\u03bf\u03c5\u03b6\u03b1\u03ba\u03af\u03bf\u03c5, \u03bc\u03cc\u03bb\u03b9\u03c2 20 \u03bb\u03b5\u03c0\u03c4\u03ac \u03bc\u03b1\u03ba\u03c1\u03b9\u03ac \u03b1\u03c0\u03cc \u03c4\u03b7\u03bd \u03c0\u03cc\u03bb\u03b7 \u03c4\u03b7\u03c2 \u039a\u03b1\u03c1\u03b4\u03af\u03c4\u03c3\u03b1\u03c2.\",\"breadcrumb\":{\"@id\":\"https:\\\/\\\/www.mouzakipalace.com\\\/#breadcrumb\"},\"inLanguage\":\"en-US\",\"potentialAction\":[{\"@type\":\"ReadAction\",\"target\":[\"https:\\\/\\\/www.mouzakipalace.com\\\/\"]}]},{\"@type\":\"ImageObject\",\"inLanguage\":\"en-US\",\"@id\":\"https:\\\/\\\/www.mouzakipalace.com\\\/#primaryimage\",\"url\":\"https:\\\/\\\/www.mouzakipalace.com\\\/app\\\/uploads\\\/sites\\\/119\\\/2023\\\/08\\\/entrance.png\",\"contentUrl\":\"https:\\\/\\\/www.mouzakipalace.com\\\/app\\\/uploads\\\/sites\\\/119\\\/2023\\\/08\\\/entrance.png\",\"width\":2406,\"height\":1416},{\"@type\":\"BreadcrumbList\",\"@id\":\"https:\\\/\\\/www.mouzakipalace.com\\\/#breadcrumb\",\"itemListElement\":[{\"@type\":\"ListItem\",\"position\":1,\"name\":\"Home\",\"item\":\"https:\\\/\\\/www.mouzakipalace.com\\\/\"},{\"@type\":\"ListItem\",\"position\":2,\"name\":\"Home\"}]},{\"@type\":\"WebSite\",\"@id\":\"https:\\\/\\\/www.mouzakipalace.com\\\/#website\",\"url\":\"https:\\\/\\\/www.mouzakipalace.com\\\/\",\"name\":\"Mouzaki palace\",\"description\":\"Let&#039;s Shape your Ideas...\",\"potentialAction\":[{\"@type\":\"SearchAction\",\"target\":{\"@type\":\"EntryPoint\",\"urlTemplate\":\"https:\\\/\\\/www.mouzakipalace.com\\\/?s={search_term_string}\"},\"query-input\":{\"@type\":\"PropertyValueSpecification\",\"valueRequired\":true,\"valueName\":\"search_term_string\"}}],\"inLanguage\":\"en-US\"}]}<\/script>\n<!-- \/ Yoast SEO plugin. -->","yoast_head_json":{"title":"Mouzaki Palace Hotel &amp; Spa in Mouzaki, Karditsa, Greece - Official Website","description":"Mouzaki Palace Hotel &amp; Spa, a unique 4 star hotel built on a hill on the outskirts of the city of Mouzaki, just 20 min. away from the city of Karditsa.","robots":{"index":"index","follow":"follow","max-snippet":"max-snippet:-1","max-image-preview":"max-image-preview:large","max-video-preview":"max-video-preview:-1"},"canonical":"https:\/\/www.mouzakipalace.com\/en\/","og_locale":"en_US","og_type":"article","og_title":"Mouzaki Palace Hotel & Spa \u039c\u03bf\u03c5\u03b6\u03ac\u03ba\u03b9, \u039a\u03b1\u03c1\u03b4\u03af\u03c4\u03c3\u03b1, \u0395\u03bb\u03bb\u03ac\u03b4\u03b1 - \u0395\u03c0\u03af\u03c3\u03b7\u03bc\u03b7 \u0399\u03c3\u03c4\u03bf\u03c3\u03b5\u03bb\u03af\u03b4\u03b1","og_description":"Mouzaki Palace Hotel & Spa, \u03ad\u03bd\u03b1 \u03bc\u03bf\u03bd\u03b1\u03b4\u03b9\u03ba\u03cc \u03be\u03b5\u03bd\u03bf\u03b4\u03bf\u03c7\u03b5\u03af\u03bf 4 \u03b1\u03c3\u03c4\u03ad\u03c1\u03c9\u03bd \u03c7\u03c4\u03b9\u03c3\u03bc\u03ad\u03bd\u03bf \u03c3\u03b5 \u03ad\u03bd\u03b1 \u03bb\u03cc\u03c6\u03bf \u03c3\u03c4\u03b1 \u03c0\u03b5\u03c1\u03af\u03c7\u03c9\u03c1\u03b1 \u03c4\u03b7\u03c2 \u03c0\u03cc\u03bb\u03b7\u03c2 \u03c4\u03bf\u03c5 \u039c\u03bf\u03c5\u03b6\u03b1\u03ba\u03af\u03bf\u03c5, \u03bc\u03cc\u03bb\u03b9\u03c2 20 \u03bb\u03b5\u03c0\u03c4\u03ac \u03bc\u03b1\u03ba\u03c1\u03b9\u03ac \u03b1\u03c0\u03cc \u03c4\u03b7\u03bd \u03c0\u03cc\u03bb\u03b7 \u03c4\u03b7\u03c2 \u039a\u03b1\u03c1\u03b4\u03af\u03c4\u03c3\u03b1\u03c2.","og_url":"https:\/\/www.mouzakipalace.com\/en\/","og_site_name":"Mouzaki palace","article_modified_time":"2026-01-24T17:46:10+00:00","og_image":[{"width":900,"height":530,"url":"https:\/\/www.mouzakipalace.com\/app\/uploads\/sites\/119\/2023\/08\/entrance-900x530.png","type":"image\/png"}],"twitter_card":"summary_large_image","twitter_misc":{"Est. reading time":"1 minute"},"schema":{"@context":"https:\/\/schema.org","@graph":[{"@type":"WebPage","@id":"https:\/\/www.mouzakipalace.com\/","url":"https:\/\/www.mouzakipalace.com\/","name":"Mouzaki Palace Hotel &amp; Spa in Mouzaki, Karditsa, Greece - Official Website","isPartOf":{"@id":"https:\/\/www.mouzakipalace.com\/#website"},"primaryImageOfPage":{"@id":"https:\/\/www.mouzakipalace.com\/#primaryimage"},"image":{"@id":"https:\/\/www.mouzakipalace.com\/#primaryimage"},"thumbnailUrl":"https:\/\/www.mouzakipalace.com\/app\/uploads\/sites\/119\/2023\/08\/entrance.png","datePublished":"2023-06-22T14:13:59+00:00","dateModified":"2026-01-24T17:46:10+00:00","description":"Mouzaki Palace Hotel &amp; Spa, a unique 4 star hotel built on a hill on the outskirts of the city of Mouzaki, just 20 min. away from the city of Karditsa.","breadcrumb":{"@id":"https:\/\/www.mouzakipalace.com\/#breadcrumb"},"inLanguage":"en-US","potentialAction":[{"@type":"ReadAction","target":["https:\/\/www.mouzakipalace.com\/"]}]},{"@type":"ImageObject","inLanguage":"en-US","@id":"https:\/\/www.mouzakipalace.com\/#primaryimage","url":"https:\/\/www.mouzakipalace.com\/app\/uploads\/sites\/119\/2023\/08\/entrance.png","contentUrl":"https:\/\/www.mouzakipalace.com\/app\/uploads\/sites\/119\/2023\/08\/entrance.png","width":2406,"height":1416},{"@type":"BreadcrumbList","@id":"https:\/\/www.mouzakipalace.com\/#breadcrumb","itemListElement":[{"@type":"ListItem","position":1,"name":"Home","item":"https:\/\/www.mouzakipalace.com\/"},{"@type":"ListItem","position":2,"name":"Home"}]},{"@type":"WebSite","@id":"https:\/\/www.mouzakipalace.com\/#website","url":"https:\/\/www.mouzakipalace.com\/","name":"Mouzaki palace","description":"Let&#039;s Shape your Ideas...","potentialAction":[{"@type":"SearchAction","target":{"@type":"EntryPoint","urlTemplate":"https:\/\/www.mouzakipalace.com\/?s={search_term_string}"},"query-input":{"@type":"PropertyValueSpecification","valueRequired":true,"valueName":"search_term_string"}}],"inLanguage":"en-US"}]}},"_links":{"self":[{"href":"https:\/\/www.mouzakipalace.com\/en\/wp-json\/wp\/v2\/pages\/6062","targetHints":{"allow":["GET"]}}],"collection":[{"href":"https:\/\/www.mouzakipalace.com\/en\/wp-json\/wp\/v2\/pages"}],"about":[{"href":"https:\/\/www.mouzakipalace.com\/en\/wp-json\/wp\/v2\/types\/page"}],"author":[{"embeddable":true,"href":"https:\/\/www.mouzakipalace.com\/en\/wp-json\/wp\/v2\/users\/266"}],"replies":[{"embeddable":true,"href":"https:\/\/www.mouzakipalace.com\/en\/wp-json\/wp\/v2\/comments?post=6062"}],"version-history":[{"count":19,"href":"https:\/\/www.mouzakipalace.com\/en\/wp-json\/wp\/v2\/pages\/6062\/revisions"}],"predecessor-version":[{"id":7052,"href":"https:\/\/www.mouzakipalace.com\/en\/wp-json\/wp\/v2\/pages\/6062\/revisions\/7052"}],"wp:featuredmedia":[{"embeddable":true,"href":"https:\/\/www.mouzakipalace.com\/en\/wp-json\/wp\/v2\/media\/6589"}],"wp:attachment":[{"href":"https:\/\/www.mouzakipalace.com\/en\/wp-json\/wp\/v2\/media?parent=6062"}],"curies":[{"name":"wp","href":"https:\/\/api.w.org\/{rel}","templated":true}]}}